{"id":2530,"date":"2024-04-22T11:10:09","date_gmt":"2024-04-22T09:10:09","guid":{"rendered":"https:\/\/www.hypnosens.fr\/?page_id=2530"},"modified":"2024-05-22T17:54:35","modified_gmt":"2024-05-22T15:54:35","slug":"schema-hypno-natal","status":"publish","type":"page","link":"https:\/\/www.hypnosens.fr\/index.php\/schema-hypno-natal\/","title":{"rendered":"Sch\u00e9ma Hypno natal"},"content":{"rendered":"\t\t<div data-elementor-type=\"wp-page\" data-elementor-id=\"2530\" class=\"elementor elementor-2530\">\n\t\t\t\t<div class=\"elementor-element elementor-element-5e6083f elementor-hidden-tablet elementor-hidden-mobile e-flex e-con-boxed wpr-particle-no wpr-jarallax-no wpr-parallax-no wpr-sticky-section-no e-con e-parent\" data-id=\"5e6083f\" data-element_type=\"container\" data-settings=\"{&quot;background_background&quot;:&quot;classic&quot;}\" data-core-v316-plus=\"true\">\n\t\t\t\t\t<div class=\"e-con-inner\">\n\t\t\t\t<div class=\"elementor-element elementor-element-3d76ca5 elementor-widget elementor-widget-spacer\" data-id=\"3d76ca5\" data-element_type=\"widget\" data-widget_type=\"spacer.default\">\n\t\t\t\t<div class=\"elementor-widget-container\">\n\t\t\t<style>\/*! elementor - v3.20.0 - 26-03-2024 *\/\n.elementor-column .elementor-spacer-inner{height:var(--spacer-size)}.e-con{--container-widget-width:100%}.e-con-inner>.elementor-widget-spacer,.e-con>.elementor-widget-spacer{width:var(--container-widget-width,var(--spacer-size));--align-self:var(--container-widget-align-self,initial);--flex-shrink:0}.e-con-inner>.elementor-widget-spacer>.elementor-widget-container,.e-con>.elementor-widget-spacer>.elementor-widget-container{height:100%;width:100%}.e-con-inner>.elementor-widget-spacer>.elementor-widget-container>.elementor-spacer,.e-con>.elementor-widget-spacer>.elementor-widget-container>.elementor-spacer{height:100%}.e-con-inner>.elementor-widget-spacer>.elementor-widget-container>.elementor-spacer>.elementor-spacer-inner,.e-con>.elementor-widget-spacer>.elementor-widget-container>.elementor-spacer>.elementor-spacer-inner{height:var(--container-widget-height,var(--spacer-size))}.e-con-inner>.elementor-widget-spacer.elementor-widget-empty,.e-con>.elementor-widget-spacer.elementor-widget-empty{position:relative;min-height:22px;min-width:22px}.e-con-inner>.elementor-widget-spacer.elementor-widget-empty .elementor-widget-empty-icon,.e-con>.elementor-widget-spacer.elementor-widget-empty .elementor-widget-empty-icon{position:absolute;top:0;bottom:0;left:0;right:0;margin:auto;padding:0;width:22px;height:22px}<\/style>\t\t<div class=\"elementor-spacer\">\n\t\t\t<div class=\"elementor-spacer-inner\"><\/div>\n\t\t<\/div>\n\t\t\t\t<\/div>\n\t\t\t\t<\/div>\n\t\t\t\t<div class=\"elementor-element elementor-element-ff75973 elementor-widget elementor-widget-image\" data-id=\"ff75973\" data-element_type=\"widget\" data-widget_type=\"image.default\">\n\t\t\t\t<div class=\"elementor-widget-container\">\n\t\t\t<style>\/*! elementor - v3.20.0 - 26-03-2024 *\/\n.elementor-widget-image{text-align:center}.elementor-widget-image a{display:inline-block}.elementor-widget-image a img[src$=\".svg\"]{width:48px}.elementor-widget-image img{vertical-align:middle;display:inline-block}<\/style>\t\t\t\t\t\t\t\t\t\t<img decoding=\"async\" width=\"249\" height=\"66\" src=\"https:\/\/www.hypnosens.fr\/wp-content\/uploads\/2024\/04\/Fichier-1.png\" class=\"attachment-large size-large wp-image-1126\" alt=\"\" \/>\t\t\t\t\t\t\t\t\t\t\t\t\t<\/div>\n\t\t\t\t<\/div>\n\t\t\t\t<div class=\"elementor-element elementor-element-38f1b3f wpr-pointer-line-fx wpr-pointer-fx-slide wpr-main-menu-align-center wpr-main-menu-align--tabletcenter elementor-widget__width-initial wpr-main-menu-align--mobileleft wpr-pointer-underline wpr-sub-icon-caret-down wpr-sub-menu-fx-fade wpr-nav-menu-bp-mobile wpr-mobile-menu-full-width wpr-mobile-menu-item-align-center wpr-mobile-toggle-v1 wpr-mobile-divider-yes elementor-widget elementor-widget-wpr-nav-menu\" data-id=\"38f1b3f\" data-element_type=\"widget\" data-settings=\"{&quot;menu_layout&quot;:&quot;horizontal&quot;}\" data-widget_type=\"wpr-nav-menu.default\">\n\t\t\t\t<div class=\"elementor-widget-container\">\n\t\t\t<nav class=\"wpr-nav-menu-container wpr-nav-menu-horizontal\" data-trigger=\"hover\"><ul id=\"menu-1-38f1b3f\" class=\"wpr-nav-menu\"><li class=\"menu-item menu-item-type-post_type menu-item-object-page menu-item-home menu-item-317\"><a href=\"https:\/\/www.hypnosens.fr\/\" class=\"wpr-menu-item wpr-pointer-item\">Pr\u00e9sentation<\/a><\/li>\n<li class=\"menu-item menu-item-type-post_type menu-item-object-page menu-item-34\"><a href=\"https:\/\/www.hypnosens.fr\/index.php\/therapies-breves\/\" class=\"wpr-menu-item wpr-pointer-item\">Th\u00e9rapies Br\u00e8ves<\/a><\/li>\n<li class=\"menu-item menu-item-type-post_type menu-item-object-page menu-item-has-children menu-item-31\"><a href=\"https:\/\/www.hypnosens.fr\/index.php\/portrait\/\" class=\"wpr-menu-item wpr-pointer-item\">Les Outils<i class=\"wpr-sub-icon fas\" aria-hidden=\"true\"><\/i><\/a>\n<ul class=\"sub-menu wpr-sub-menu\">\n\t<li class=\"menu-item menu-item-type-post_type menu-item-object-page menu-item-32\"><a href=\"https:\/\/www.hypnosens.fr\/index.php\/pour-qui\/\" class=\"wpr-sub-menu-item\">Pour qui ?<\/a><\/li>\n\t<li class=\"menu-item menu-item-type-post_type menu-item-object-page menu-item-33\"><a href=\"https:\/\/www.hypnosens.fr\/index.php\/pourquoi\/\" class=\"wpr-sub-menu-item\">Pourquoi ?<\/a><\/li>\n<\/ul>\n<\/li>\n<li class=\"menu-item menu-item-type-post_type menu-item-object-page menu-item-has-children menu-item-28\"><a href=\"https:\/\/www.hypnosens.fr\/index.php\/infos-tarfifs\/\" class=\"wpr-menu-item wpr-pointer-item\">Infos &#038; tarifs<i class=\"wpr-sub-icon fas\" aria-hidden=\"true\"><\/i><\/a>\n<ul class=\"sub-menu wpr-sub-menu\">\n\t<li class=\"menu-item menu-item-type-post_type menu-item-object-page menu-item-47\"><a href=\"https:\/\/www.hypnosens.fr\/index.php\/le-cabinet\/\" class=\"wpr-sub-menu-item\">Le Cabinet<\/a><\/li>\n<\/ul>\n<\/li>\n<li class=\"menu-item menu-item-type-post_type menu-item-object-page menu-item-50\"><a href=\"https:\/\/www.hypnosens.fr\/index.php\/actualites\/\" class=\"wpr-menu-item wpr-pointer-item\">Actualit\u00e9s &#038; M\u00e9dias<\/a><\/li>\n<li class=\"menu-item menu-item-type-post_type menu-item-object-page menu-item-1606\"><a href=\"https:\/\/www.hypnosens.fr\/index.php\/le-jeu-2\/\" class=\"wpr-menu-item wpr-pointer-item\">Le jeu<\/a><\/li>\n<li class=\"menu-item menu-item-type-post_type menu-item-object-page menu-item-27\"><a href=\"https:\/\/www.hypnosens.fr\/index.php\/contact\/\" class=\"wpr-menu-item wpr-pointer-item\">Contact<\/a><\/li>\n<\/ul><\/nav><nav class=\"wpr-mobile-nav-menu-container\"><div class=\"wpr-mobile-toggle-wrap\"><div class=\"wpr-mobile-toggle\"><span class=\"wpr-mobile-toggle-line\"><\/span><span class=\"wpr-mobile-toggle-line\"><\/span><span class=\"wpr-mobile-toggle-line\"><\/span><\/div><\/div><ul id=\"mobile-menu-2-38f1b3f\" class=\"wpr-mobile-nav-menu\"><li class=\"menu-item menu-item-type-post_type menu-item-object-page menu-item-home menu-item-317\"><a href=\"https:\/\/www.hypnosens.fr\/\" class=\"wpr-mobile-menu-item\">Pr\u00e9sentation<\/a><\/li>\n<li class=\"menu-item menu-item-type-post_type menu-item-object-page menu-item-34\"><a href=\"https:\/\/www.hypnosens.fr\/index.php\/therapies-breves\/\" class=\"wpr-mobile-menu-item\">Th\u00e9rapies Br\u00e8ves<\/a><\/li>\n<li class=\"menu-item menu-item-type-post_type menu-item-object-page menu-item-has-children menu-item-31\"><a href=\"https:\/\/www.hypnosens.fr\/index.php\/portrait\/\" class=\"wpr-mobile-menu-item\">Les Outils<\/a>\n<ul class=\"sub-menu wpr-sub-menu\">\n\t<li class=\"menu-item menu-item-type-post_type menu-item-object-page menu-item-32\"><a href=\"https:\/\/www.hypnosens.fr\/index.php\/pour-qui\/\" class=\"wpr-mobile-sub-menu-item\">Pour qui ?<\/a><\/li>\n\t<li class=\"menu-item menu-item-type-post_type menu-item-object-page menu-item-33\"><a href=\"https:\/\/www.hypnosens.fr\/index.php\/pourquoi\/\" class=\"wpr-mobile-sub-menu-item\">Pourquoi ?<\/a><\/li>\n<\/ul>\n<\/li>\n<li class=\"menu-item menu-item-type-post_type menu-item-object-page menu-item-has-children menu-item-28\"><a href=\"https:\/\/www.hypnosens.fr\/index.php\/infos-tarfifs\/\" class=\"wpr-mobile-menu-item\">Infos &#038; tarifs<\/a>\n<ul class=\"sub-menu wpr-sub-menu\">\n\t<li class=\"menu-item menu-item-type-post_type menu-item-object-page menu-item-47\"><a href=\"https:\/\/www.hypnosens.fr\/index.php\/le-cabinet\/\" class=\"wpr-mobile-sub-menu-item\">Le Cabinet<\/a><\/li>\n<\/ul>\n<\/li>\n<li class=\"menu-item menu-item-type-post_type menu-item-object-page menu-item-50\"><a href=\"https:\/\/www.hypnosens.fr\/index.php\/actualites\/\" class=\"wpr-mobile-menu-item\">Actualit\u00e9s &#038; M\u00e9dias<\/a><\/li>\n<li class=\"menu-item menu-item-type-post_type menu-item-object-page menu-item-1606\"><a href=\"https:\/\/www.hypnosens.fr\/index.php\/le-jeu-2\/\" class=\"wpr-mobile-menu-item\">Le jeu<\/a><\/li>\n<li class=\"menu-item menu-item-type-post_type menu-item-object-page menu-item-27\"><a href=\"https:\/\/www.hypnosens.fr\/index.php\/contact\/\" class=\"wpr-mobile-menu-item\">Contact<\/a><\/li>\n<\/ul><\/nav>\t\t<\/div>\n\t\t\t\t<\/div>\n\t\t\t\t\t<\/div>\n\t\t\t\t<\/div>\n\t\t<div class=\"elementor-element elementor-element-f03f799 e-con-full elementor-hidden-tablet elementor-hidden-mobile e-flex wpr-particle-no wpr-jarallax-no wpr-parallax-no wpr-sticky-section-no e-con e-parent\" data-id=\"f03f799\" data-element_type=\"container\" data-settings=\"{&quot;background_background&quot;:&quot;classic&quot;}\" data-core-v316-plus=\"true\">\n\t\t\t\t<div class=\"elementor-element elementor-element-4325cd6 wpr-logo-position-center elementor-widget elementor-widget-wpr-logo\" data-id=\"4325cd6\" data-element_type=\"widget\" data-widget_type=\"wpr-logo.default\">\n\t\t\t\t<div class=\"elementor-widget-container\">\n\t\t\t\t\n\t<div class=\"wpr-logo elementor-clearfix\">\n\n\t\t\t\t<picture class=\"wpr-logo-image\">\n\t\t\t\n\t\t\t\t\t\t\n\t\t\t<img decoding=\"async\" src=\"https:\/\/www.hypnosens.fr\/wp-content\/uploads\/2024\/04\/Fichier-1-3.png\" alt=\"\">\n\n\t\t\t\t\t\t\t<a class=\"wpr-logo-url\" rel=\"home\" href=\"https:\/\/www.hypnosens.fr\/index.php\/accueil\/\"><\/a>\n\t\t\t\t\t<\/picture>\n\t\t\n\t\t\n\t\t\t\t\t<a class=\"wpr-logo-url\" rel=\"home\" href=\"https:\/\/www.hypnosens.fr\/index.php\/accueil\/\"><\/a>\n\t\t\n\t<\/div>\n\t\t\n\t\t<\/div>\n\t\t\t\t<\/div>\n\t\t\t\t<div class=\"elementor-element elementor-element-f5a9948 elementor-widget elementor-widget-spacer\" data-id=\"f5a9948\" data-element_type=\"widget\" data-widget_type=\"spacer.default\">\n\t\t\t\t<div class=\"elementor-widget-container\">\n\t\t\t\t\t<div class=\"elementor-spacer\">\n\t\t\t<div class=\"elementor-spacer-inner\"><\/div>\n\t\t<\/div>\n\t\t\t\t<\/div>\n\t\t\t\t<\/div>\n\t\t\t\t<\/div>\n\t\t<div class=\"elementor-element elementor-element-4a8b0ad elementor-hidden-desktop e-flex e-con-boxed wpr-particle-no wpr-jarallax-no wpr-parallax-no wpr-sticky-section-no e-con e-parent\" data-id=\"4a8b0ad\" data-element_type=\"container\" data-settings=\"{&quot;background_background&quot;:&quot;classic&quot;}\" data-core-v316-plus=\"true\">\n\t\t\t\t\t<div class=\"e-con-inner\">\n\t\t<div class=\"elementor-element elementor-element-8258e27 e-con-full e-flex wpr-particle-no wpr-jarallax-no wpr-parallax-no wpr-sticky-section-no e-con e-child\" data-id=\"8258e27\" data-element_type=\"container\">\n\t\t\t\t<div class=\"elementor-element elementor-element-88620c8 elementor-widget-mobile__width-initial wpr-logo-position-center elementor-widget elementor-widget-wpr-logo\" data-id=\"88620c8\" data-element_type=\"widget\" data-widget_type=\"wpr-logo.default\">\n\t\t\t\t<div class=\"elementor-widget-container\">\n\t\t\t\t\n\t<div class=\"wpr-logo elementor-clearfix\">\n\n\t\t\t\t<picture class=\"wpr-logo-image\">\n\t\t\t\n\t\t\t\t\t\t\n\t\t\t<img decoding=\"async\" src=\"https:\/\/www.hypnosens.fr\/wp-content\/uploads\/2024\/04\/Fichier-3.png\" alt=\"\">\n\n\t\t\t\t\t\t\t<a class=\"wpr-logo-url\" rel=\"home\" href=\"https:\/\/www.hypnosens.fr\/index.php\/accueil\/\"><\/a>\n\t\t\t\t\t<\/picture>\n\t\t\n\t\t\n\t\t\t\t\t<a class=\"wpr-logo-url\" rel=\"home\" href=\"https:\/\/www.hypnosens.fr\/index.php\/accueil\/\"><\/a>\n\t\t\n\t<\/div>\n\t\t\n\t\t<\/div>\n\t\t\t\t<\/div>\n\t\t\t\t<div class=\"elementor-element elementor-element-809fcd1 elementor-widget elementor-widget-ekit-nav-menu\" data-id=\"809fcd1\" data-element_type=\"widget\" data-widget_type=\"ekit-nav-menu.default\">\n\t\t\t\t<div class=\"elementor-widget-container\">\n\t\t\t<div class=\"ekit-wid-con ekit_menu_responsive_tablet\" data-hamburger-icon=\"\" data-hamburger-icon-type=\"icon\" data-responsive-breakpoint=\"1024\">            <button class=\"elementskit-menu-hamburger elementskit-menu-toggler\"  type=\"button\" aria-label=\"hamburger-icon\">\n                                    <span class=\"elementskit-menu-hamburger-icon\"><\/span><span class=\"elementskit-menu-hamburger-icon\"><\/span><span class=\"elementskit-menu-hamburger-icon\"><\/span>\n                            <\/button>\n            <div id=\"ekit-megamenu-menu-1\" class=\"elementskit-menu-container elementskit-menu-offcanvas-elements elementskit-navbar-nav-default ekit-nav-menu-one-page-no ekit-nav-dropdown-hover\"><ul id=\"menu-menu-1\" class=\"elementskit-navbar-nav elementskit-menu-po-left submenu-click-on-icon\"><li class=\"menu-item menu-item-type-post_type menu-item-object-page menu-item-home menu-item-317 nav-item elementskit-mobile-builder-content\" data-vertical-menu=750px><a href=\"https:\/\/www.hypnosens.fr\/\" class=\"ekit-menu-nav-link\">Pr\u00e9sentation<\/a><\/li>\n<li class=\"menu-item menu-item-type-post_type menu-item-object-page menu-item-34 nav-item elementskit-mobile-builder-content\" data-vertical-menu=750px><a href=\"https:\/\/www.hypnosens.fr\/index.php\/therapies-breves\/\" class=\"ekit-menu-nav-link\">Th\u00e9rapies Br\u00e8ves<\/a><\/li>\n<li class=\"menu-item menu-item-type-post_type menu-item-object-page menu-item-has-children menu-item-31 nav-item elementskit-dropdown-has relative_position elementskit-dropdown-menu-default_width elementskit-mobile-builder-content\" data-vertical-menu=750px><a href=\"https:\/\/www.hypnosens.fr\/index.php\/portrait\/\" class=\"ekit-menu-nav-link ekit-menu-dropdown-toggle\">Les Outils<i aria-hidden=\"true\" class=\"icon icon-down-arrow1 elementskit-submenu-indicator\"><\/i><\/a>\n<ul class=\"elementskit-dropdown elementskit-submenu-panel\">\n\t<li class=\"menu-item menu-item-type-post_type menu-item-object-page menu-item-32 nav-item elementskit-mobile-builder-content\" data-vertical-menu=750px><a href=\"https:\/\/www.hypnosens.fr\/index.php\/pour-qui\/\" class=\" dropdown-item\">Pour qui ?<\/a>\t<li class=\"menu-item menu-item-type-post_type menu-item-object-page menu-item-33 nav-item elementskit-mobile-builder-content\" data-vertical-menu=750px><a href=\"https:\/\/www.hypnosens.fr\/index.php\/pourquoi\/\" class=\" dropdown-item\">Pourquoi ?<\/a><\/ul>\n<\/li>\n<li class=\"menu-item menu-item-type-post_type menu-item-object-page menu-item-has-children menu-item-28 nav-item elementskit-dropdown-has relative_position elementskit-dropdown-menu-default_width elementskit-mobile-builder-content\" data-vertical-menu=750px><a href=\"https:\/\/www.hypnosens.fr\/index.php\/infos-tarfifs\/\" class=\"ekit-menu-nav-link ekit-menu-dropdown-toggle\">Infos &#038; tarifs<i aria-hidden=\"true\" class=\"icon icon-down-arrow1 elementskit-submenu-indicator\"><\/i><\/a>\n<ul class=\"elementskit-dropdown elementskit-submenu-panel\">\n\t<li class=\"menu-item menu-item-type-post_type menu-item-object-page menu-item-47 nav-item elementskit-mobile-builder-content\" data-vertical-menu=750px><a href=\"https:\/\/www.hypnosens.fr\/index.php\/le-cabinet\/\" class=\" dropdown-item\">Le Cabinet<\/a><\/ul>\n<\/li>\n<li class=\"menu-item menu-item-type-post_type menu-item-object-page menu-item-50 nav-item elementskit-mobile-builder-content\" data-vertical-menu=750px><a href=\"https:\/\/www.hypnosens.fr\/index.php\/actualites\/\" class=\"ekit-menu-nav-link\">Actualit\u00e9s &#038; M\u00e9dias<\/a><\/li>\n<li class=\"menu-item menu-item-type-post_type menu-item-object-page menu-item-1606 nav-item elementskit-mobile-builder-content\" data-vertical-menu=750px><a href=\"https:\/\/www.hypnosens.fr\/index.php\/le-jeu-2\/\" class=\"ekit-menu-nav-link\">Le jeu<\/a><\/li>\n<li class=\"menu-item menu-item-type-post_type menu-item-object-page menu-item-27 nav-item elementskit-mobile-builder-content\" data-vertical-menu=750px><a href=\"https:\/\/www.hypnosens.fr\/index.php\/contact\/\" class=\"ekit-menu-nav-link\">Contact<\/a><\/li>\n<\/ul><div class=\"elementskit-nav-identity-panel\">\n\t\t\t\t<div class=\"elementskit-site-title\">\n\t\t\t\t\t<a class=\"elementskit-nav-logo\" href=\"https:\/\/www.hypnosens.fr\" target=\"_self\" rel=\"\">\n\t\t\t\t\t\t<img decoding=\"async\" src=\"\" title=\"\" alt=\"\" \/>\n\t\t\t\t\t<\/a> \n\t\t\t\t<\/div><button class=\"elementskit-menu-close elementskit-menu-toggler\" type=\"button\">X<\/button><\/div><\/div>\t\t\t\n\t\t\t<div class=\"elementskit-menu-overlay elementskit-menu-offcanvas-elements elementskit-menu-toggler ekit-nav-menu--overlay\"><\/div><\/div>\t\t<\/div>\n\t\t\t\t<\/div>\n\t\t\t\t<\/div>\n\t\t\t\t\t<\/div>\n\t\t\t\t<\/div>\n\t\t<div class=\"elementor-element elementor-element-a0cb528 e-con-full e-flex wpr-particle-no wpr-jarallax-no wpr-parallax-no wpr-sticky-section-no e-con e-parent\" data-id=\"a0cb528\" data-element_type=\"container\" data-core-v316-plus=\"true\">\n\t\t\t\t<div class=\"elementor-element elementor-element-279a673 elementor-widget elementor-widget-image\" data-id=\"279a673\" data-element_type=\"widget\" data-widget_type=\"image.default\">\n\t\t\t\t<div class=\"elementor-widget-container\">\n\t\t\t\t\t\t\t\t\t\t\t\t\t<img fetchpriority=\"high\" decoding=\"async\" width=\"960\" height=\"745\" src=\"https:\/\/www.hypnosens.fr\/wp-content\/uploads\/2024\/04\/Plan-de-travail-1_1-1024x795.png\" class=\"attachment-large size-large wp-image-2550\" alt=\"\" srcset=\"https:\/\/www.hypnosens.fr\/wp-content\/uploads\/2024\/04\/Plan-de-travail-1_1-1024x795.png 1024w, https:\/\/www.hypnosens.fr\/wp-content\/uploads\/2024\/04\/Plan-de-travail-1_1-300x233.png 300w, https:\/\/www.hypnosens.fr\/wp-content\/uploads\/2024\/04\/Plan-de-travail-1_1-768x596.png 768w, https:\/\/www.hypnosens.fr\/wp-content\/uploads\/2024\/04\/Plan-de-travail-1_1.png 1387w\" sizes=\"(max-width: 960px) 100vw, 960px\" \/>\t\t\t\t\t\t\t\t\t\t\t\t\t<\/div>\n\t\t\t\t<\/div>\n\t\t\t\t<\/div>\n\t\t<div class=\"elementor-element elementor-element-d3aa4f2 e-flex e-con-boxed wpr-particle-no wpr-jarallax-no wpr-parallax-no wpr-sticky-section-no e-con e-parent\" data-id=\"d3aa4f2\" data-element_type=\"container\" data-core-v316-plus=\"true\">\n\t\t\t\t\t<div class=\"e-con-inner\">\n\t\t\t\t<div class=\"elementor-element elementor-element-3677bcd elementor-widget elementor-widget-spacer\" data-id=\"3677bcd\" data-element_type=\"widget\" data-widget_type=\"spacer.default\">\n\t\t\t\t<div class=\"elementor-widget-container\">\n\t\t\t\t\t<div class=\"elementor-spacer\">\n\t\t\t<div class=\"elementor-spacer-inner\"><\/div>\n\t\t<\/div>\n\t\t\t\t<\/div>\n\t\t\t\t<\/div>\n\t\t\t\t<div class=\"elementor-element elementor-element-1525d9e elementor-align-center elementor-widget elementor-widget-button\" data-id=\"1525d9e\" data-element_type=\"widget\" data-widget_type=\"button.default\">\n\t\t\t\t<div class=\"elementor-widget-container\">\n\t\t\t\t\t<div class=\"elementor-button-wrapper\">\n\t\t\t<a class=\"elementor-button elementor-button-link elementor-size-sm\" href=\"https:\/\/www.hypnosens.fr\/index.php\/portrait\/\">\n\t\t\t\t\t\t<span class=\"elementor-button-content-wrapper\">\n\t\t\t\t\t\t<span class=\"elementor-button-text\">Revenir en arri\u00e8re<\/span>\n\t\t<\/span>\n\t\t\t\t\t<\/a>\n\t\t<\/div>\n\t\t\t\t<\/div>\n\t\t\t\t<\/div>\n\t\t\t\t<div class=\"elementor-element elementor-element-8158234 elementor-widget elementor-widget-spacer\" data-id=\"8158234\" data-element_type=\"widget\" data-widget_type=\"spacer.default\">\n\t\t\t\t<div class=\"elementor-widget-container\">\n\t\t\t\t\t<div class=\"elementor-spacer\">\n\t\t\t<div class=\"elementor-spacer-inner\"><\/div>\n\t\t<\/div>\n\t\t\t\t<\/div>\n\t\t\t\t<\/div>\n\t\t\t\t\t<\/div>\n\t\t\t\t<\/div>\n\t\t\t\t<\/div>\n\t\t","protected":false},"excerpt":{"rendered":"<p>Pr\u00e9sentation Th\u00e9rapies Br\u00e8ves Les Outils Pour qui ? Pourquoi ? Infos &#038; tarifs Le Cabinet Actualit\u00e9s &#038; M\u00e9dias Le jeu Contact Pr\u00e9sentation Th\u00e9rapies Br\u00e8ves Les Outils Pour qui ? Pourquoi ? Infos &#038; tarifs Le Cabinet Actualit\u00e9s &#038; M\u00e9dias Le jeu Contact Pr\u00e9sentation Th\u00e9rapies Br\u00e8ves Les Outils Pour qui ? Pourquoi ? Infos &#038; tarifs [&hellip;]<\/p>\n","protected":false},"author":1,"featured_media":0,"parent":0,"menu_order":0,"comment_status":"closed","ping_status":"closed","template":"elementor_header_footer","meta":{"footnotes":""},"class_list":["post-2530","page","type-page","status-publish","hentry"],"_links":{"self":[{"href":"https:\/\/www.hypnosens.fr\/index.php\/wp-json\/wp\/v2\/pages\/2530","targetHints":{"allow":["GET"]}}],"collection":[{"href":"https:\/\/www.hypnosens.fr\/index.php\/wp-json\/wp\/v2\/pages"}],"about":[{"href":"https:\/\/www.hypnosens.fr\/index.php\/wp-json\/wp\/v2\/types\/page"}],"author":[{"embeddable":true,"href":"https:\/\/www.hypnosens.fr\/index.php\/wp-json\/wp\/v2\/users\/1"}],"replies":[{"embeddable":true,"href":"https:\/\/www.hypnosens.fr\/index.php\/wp-json\/wp\/v2\/comments?post=2530"}],"version-history":[{"count":3,"href":"https:\/\/www.hypnosens.fr\/index.php\/wp-json\/wp\/v2\/pages\/2530\/revisions"}],"predecessor-version":[{"id":3910,"href":"https:\/\/www.hypnosens.fr\/index.php\/wp-json\/wp\/v2\/pages\/2530\/revisions\/3910"}],"wp:attachment":[{"href":"https:\/\/www.hypnosens.fr\/index.php\/wp-json\/wp\/v2\/media?parent=2530"}],"curies":[{"name":"wp","href":"https:\/\/api.w.org\/{rel}","templated":true}]}}